{"id":787,"date":"2014-02-05T21:42:27","date_gmt":"2014-02-05T19:42:27","guid":{"rendered":"http:\/\/dlight-lichtideen.de\/?page_id=787"},"modified":"2014-02-05T21:44:54","modified_gmt":"2014-02-05T19:44:54","slug":"licht-werde-neu-lieht","status":"publish","type":"page","link":"https:\/\/dlight-lichtideen.de\/?page_id=787","title":{"rendered":"Licht werde Neu! &#8230;LIEHT"},"content":{"rendered":"<p><img loading=\"lazy\" class=\" wp-image-131 alignnone\" title=\"referenzen-cont-h1-dlight\" src=\"https:\/\/dlight-lichtideen.de\/wp-content\/uploads\/2013\/07\/content-header-kontakt.jpg\" alt=\"\" width=\"1040\" height=\"194\" \/><\/p>\n<h2>Licht werde Neu! &#8230;LIEHT<\/h2>\n<p>Das Streben nach bedingungsloser Perfektion und Originalit\u00e4t erlaubt kein Ausrichten nach<br \/>\nstandardisierter Effizienz.  LIEHT Konzentriert sich mit Ihren Produkten<br \/>\nauf die typischen Tugenden deutscher Handwerkskunst und verbindet<br \/>\ndiese mit individuellen Designideen, neuster LED Lichttechnik und h\u00f6chstem Qualit\u00e4tsanspruch. <\/p>\n<p><img loading=\"lazy\" class=\"aligncenter size-full wp-image-457\" title=\"punktlinie\" src=\"https:\/\/dlight-lichtideen.de\/wp-content\/uploads\/2012\/12\/punktlinie.png\" alt=\"\" width=\"1040\" height=\"30\" srcset=\"https:\/\/dlight-lichtideen.de\/wp-content\/uploads\/2012\/12\/punktlinie.png 1040w, https:\/\/dlight-lichtideen.de\/wp-content\/uploads\/2012\/12\/punktlinie-300x8.png 300w, https:\/\/dlight-lichtideen.de\/wp-content\/uploads\/2012\/12\/punktlinie-1024x29.png 1024w, https:\/\/dlight-lichtideen.de\/wp-content\/uploads\/2012\/12\/punktlinie-700x20.png 700w, https:\/\/dlight-lichtideen.de\/wp-content\/uploads\/2012\/12\/punktlinie-332x9.png 332w\" sizes=\"(max-width: 1040px) 100vw, 1040px\" \/><\/p>\n<div id=\"mypicdiv\"><img loading=\"lazy\" class=\"alignnone size-full wp-image-293\" title=\"1_dlight\" src=\"https:\/\/dlight-lichtideen.de\/wp-content\/uploads\/2014\/02\/1.LIETH_.jpg\" alt=\"\" width=\"700\" height=\"400\" \/><\/div>\n<div id=\"mypicdiv\"><img loading=\"lazy\" class=\"alignnone size-full wp-image-294\" title=\"1.1\" src=\"https:\/\/dlight-lichtideen.de\/wp-content\/uploads\/2014\/02\/2.LIETH_.jpg\" alt=\"\" width=\"700\" height=\"400\" \/><\/div>\n<div id=\"myline\"><img loading=\"lazy\" class=\"aligncenter size-full wp-image-457\" title=\"punktlinie\" src=\"https:\/\/dlight-lichtideen.de\/wp-content\/uploads\/2013\/01\/Linie-gepunktet.png\" alt=\"\" width=\"1040\" height=\"30\" \/><\/div>\n<div id=\"mypicdiv\"><img loading=\"lazy\" class=\"alignnone size-full wp-image-295\" title=\"1.2\" src=\"https:\/\/dlight-lichtideen.de\/wp-content\/uploads\/2014\/02\/3.LIETH_.jpg\" alt=\"\" width=\"700\" height=\"400\" \/><\/div>\n<div id=\"mypicdiv\"><img loading=\"lazy\" class=\"alignnone size-full wp-image-296\" title=\"1.3\" src=\"https:\/\/dlight-lichtideen.de\/wp-content\/uploads\/2014\/02\/4.LIETH_.jpg\" alt=\"\" width=\"700\" height=\"400\" \/><\/div>\n<div id=\"myline\"><img loading=\"lazy\" class=\"aligncenter size-full wp-image-457\" title=\"punktlinie\" src=\"https:\/\/dlight-lichtideen.de\/wp-content\/uploads\/2013\/01\/Linie-gepunktet.png\" alt=\"\" width=\"1040\" height=\"30\" \/><\/div>\n<div id=\"mypicdiv\"><img loading=\"lazy\" class=\"alignnone size-full wp-image-295\" title=\"1.2\" src=\"https:\/\/dlight-lichtideen.de\/wp-content\/uploads\/2014\/02\/5.LIETH_.jpg\" alt=\"\" width=\"700\" height=\"400\" \/><\/div>\n<div id=\"mypicdiv\"><img loading=\"lazy\" class=\"alignnone size-full wp-image-296\" title=\"1.3\" src=\"https:\/\/dlight-lichtideen.de\/wp-content\/uploads\/2014\/02\/6.LIETH_.jpg\" alt=\"\" width=\"700\" height=\"400\" \/><\/div>\n<div id=\"myline\"><img loading=\"lazy\" class=\"aligncenter size-full wp-image-457\" title=\"punktlinie\" src=\"https:\/\/dlight-lichtideen.de\/wp-content\/uploads\/2013\/01\/Linie-gepunktet.png\" alt=\"\" width=\"1040\" height=\"30\" \/><\/div>\n<div id=\"mypicdiv\"><img loading=\"lazy\" class=\"alignnone size-full wp-image-295\" title=\"1.2\" src=\"https:\/\/dlight-lichtideen.de\/wp-content\/uploads\/2014\/02\/7.LIETH_.jpg\" alt=\"\" width=\"700\" height=\"400\" \/><\/div>\n<div id=\"mypicdiv\"><img loading=\"lazy\" class=\"alignnone size-full wp-image-296\" title=\"1.3\" src=\"https:\/\/dlight-lichtideen.de\/wp-content\/uploads\/2014\/02\/8.LIETH_.jpg\" alt=\"\" width=\"700\" height=\"400\" \/><\/div>\n<div id=\"myline\"><img loading=\"lazy\" class=\"aligncenter size-full wp-image-457\" title=\"punktlinie\" src=\"https:\/\/dlight-lichtideen.de\/wp-content\/uploads\/2013\/01\/Linie-gepunktet.png\" alt=\"\" width=\"1040\" height=\"30\" \/><\/div>\n<div id=\"mypicdiv\"><img loading=\"lazy\" class=\"alignnone size-full wp-image-295\" title=\"1.2\" src=\"https:\/\/dlight-lichtideen.de\/wp-content\/uploads\/2014\/02\/9.LIETH_.jpg\" alt=\"\" width=\"700\" height=\"400\" \/><\/div>\n<div class=\"clearmydiv\" style=\"clear:both;\"><\/div>\n<div style=\"text-align: right;\"><a href=\"https:\/\/dlight-lichtideen.de\/?page_id=27\">zur\u00fcck<\/a><\/div>\n","protected":false},"excerpt":{"rendered":"<p>Licht werde Neu! &#8230;LIEHT Das Streben nach bedingungsloser Perfektion und Originalit\u00e4t erlaubt kein Ausrichten nach standardisierter Effizienz. LIEHT Konzentriert sich mit Ihren Produkten auf die typischen Tugenden deutscher Handwerkskunst und verbindet diese mit individuellen Designideen, neuster LED Lichttechnik und h\u00f6chstem Qualit\u00e4tsanspruch. zur\u00fcck<\/p>\n","protected":false},"author":1,"featured_media":0,"parent":0,"menu_order":0,"comment_status":"closed","ping_status":"closed","template":"","meta":[],"_links":{"self":[{"href":"https:\/\/dlight-lichtideen.de\/index.php?rest_route=\/wp\/v2\/pages\/787"}],"collection":[{"href":"https:\/\/dlight-lichtideen.de\/index.php?rest_route=\/wp\/v2\/pages"}],"about":[{"href":"https:\/\/dlight-lichtideen.de\/index.php?rest_route=\/wp\/v2\/types\/page"}],"author":[{"embeddable":true,"href":"https:\/\/dlight-lichtideen.de\/index.php?rest_route=\/wp\/v2\/users\/1"}],"replies":[{"embeddable":true,"href":"https:\/\/dlight-lichtideen.de\/index.php?rest_route=%2Fwp%2Fv2%2Fcomments&post=787"}],"version-history":[{"count":6,"href":"https:\/\/dlight-lichtideen.de\/index.php?rest_route=\/wp\/v2\/pages\/787\/revisions"}],"predecessor-version":[{"id":812,"href":"https:\/\/dlight-lichtideen.de\/index.php?rest_route=\/wp\/v2\/pages\/787\/revisions\/812"}],"wp:attachment":[{"href":"https:\/\/dlight-lichtideen.de\/index.php?rest_route=%2Fwp%2Fv2%2Fmedia&parent=787"}],"curies":[{"name":"wp","href":"https:\/\/api.w.org\/{rel}","templated":true}]}}