{"id":679,"date":"2013-07-15T16:59:30","date_gmt":"2013-07-15T14:59:30","guid":{"rendered":"http:\/\/dlight-lichtideen.de\/?page_id=679"},"modified":"2013-07-15T23:10:20","modified_gmt":"2013-07-15T21:10:20","slug":"nimbus-roxxane","status":"publish","type":"page","link":"https:\/\/dlight-lichtideen.de\/?page_id=679","title":{"rendered":"Nimbus Roxxane"},"content":{"rendered":"<p><img loading=\"lazy\" class=\" wp-image-131 alignnone\" title=\"referenzen-cont-h1-dlight\" src=\"https:\/\/dlight-lichtideen.de\/wp-content\/uploads\/2013\/07\/content-header-kontakt.jpg\" alt=\"\" width=\"1040\" height=\"194\" \/><\/p>\n<h2>Nimbus Roxxane<\/h2>\n<p>Nimbus Roxxane Office Edition in Neonrot.<\/p>\n<p>Arbeitsplatzleuchte Roxxane von Nimbus ist ab sofort in expressivem Neonrot bei dlight lichtideen erh\u00e4ltlich.<\/p>\n<p>Wie auch ihre Schwestern in schwarz, wei\u00df oder silbern verf\u00fcgt die Roxxane Office NEON EDITION \u00fcber alle Details der Roxxane-Serie wie z. B. die Friktionsgelenke zur leichtg\u00e4ngigen Ausrichtung der Leuchte. Die aus hochwertigem Zinkdruckguss gefertigten, langlebigen Friktionsscharniere halten die Leuchte pr\u00e4zise und spielfrei in jeder gew\u00fcnschten Position \u2013 ganz ohne sichtbare Federn, Seile oder st\u00f6rende Hebel. Das Ein- und Ausschalten sowie das Dimmen von Roxxane erfolgt intuitiv mit der ber\u00fchrungslosen Gestensteuerung \u2013 mit ihren 15 Watt ist sie zudem sehr effizient.<\/p>\n<p>Roxxane wurde bereits mehrfach ausgezeichnet: u. a. mit dem Focus in Silber, einer Special Mention beim German Design Award 2013, dem Interior Innovation Award 2013 und als Leuchte des Jahres 2013. Ab April illuminiert die Roxxane Office auch die neue University of Baltimore von Behnisch Architekten in den USA.<\/p>\n<p><img loading=\"lazy\" class=\"aligncenter size-full wp-image-457\" title=\"punktlinie\" src=\"https:\/\/dlight-lichtideen.de\/wp-content\/uploads\/2012\/12\/punktlinie.png\" alt=\"\" width=\"1040\" height=\"30\" srcset=\"https:\/\/dlight-lichtideen.de\/wp-content\/uploads\/2012\/12\/punktlinie.png 1040w, https:\/\/dlight-lichtideen.de\/wp-content\/uploads\/2012\/12\/punktlinie-300x8.png 300w, https:\/\/dlight-lichtideen.de\/wp-content\/uploads\/2012\/12\/punktlinie-1024x29.png 1024w, https:\/\/dlight-lichtideen.de\/wp-content\/uploads\/2012\/12\/punktlinie-700x20.png 700w, https:\/\/dlight-lichtideen.de\/wp-content\/uploads\/2012\/12\/punktlinie-332x9.png 332w\" sizes=\"(max-width: 1040px) 100vw, 1040px\" \/><\/p>\n<div id=\"mypicdiv\"><img loading=\"lazy\" class=\"alignnone size-full wp-image-293\" title=\"1_dlight\" src=\"https:\/\/dlight-lichtideen.de\/wp-content\/uploads\/2013\/07\/roxxane-lampe.jpg\" alt=\"\" width=\"700\" height=\"400\" \/><\/div>\n<div id=\"mypicdiv\"><img loading=\"lazy\" class=\"alignnone size-full wp-image-294\" title=\"1.1\" src=\"https:\/\/dlight-lichtideen.de\/wp-content\/uploads\/2013\/07\/Nimbus-Roxxane-Office1.jpg\" alt=\"\" width=\"700\" height=\"400\" \/><\/div>\n<p>Nimbus Roxxane Office &#8211; 15 Watt &#8211; <a href=\"https:\/\/dlight-lichtideen.de\/wp-content\/uploads\/2013\/07\/roxxane-office-010-143-010-144_008-831_db.pdf\">Datenblatt<\/a><\/p>\n<div id=\"myline\"><img loading=\"lazy\" class=\"aligncenter size-full wp-image-457\" title=\"punktlinie\" src=\"https:\/\/dlight-lichtideen.de\/wp-content\/uploads\/2013\/01\/Linie-gepunktet.png\" alt=\"\" width=\"1040\" height=\"30\" \/><\/div>\n<div id=\"mypicdiv\"><img loading=\"lazy\" class=\"alignnone size-full wp-image-295\" title=\"1.2\" src=\"https:\/\/dlight-lichtideen.de\/wp-content\/uploads\/2013\/07\/Nimbus-Roxxane-Tischleuchte1.jpg\" alt=\"\" width=\"700\" height=\"400\" \/><\/div>\n<div id=\"mypicdiv\"><img loading=\"lazy\" class=\"alignnone size-full wp-image-296\" title=\"1.3\" src=\"https:\/\/dlight-lichtideen.de\/wp-content\/uploads\/2013\/07\/Nimbuss-Roxxane-Tischleuchte-31.jpg\" alt=\"\" width=\"700\" height=\"400\" \/><\/div>\n<p>Nimbus Roxxane Home Tischleuchte &#8211; 7,5 Watt &#8211; <a href=\"https:\/\/dlight-lichtideen.de\/wp-content\/uploads\/2013\/07\/roxxane-home-010-129-010-130_009-142_db.pdf\">Datenblatt<\/a><\/p>\n<div id=\"myline\"><img loading=\"lazy\" class=\"aligncenter size-full wp-image-457\" title=\"punktlinie\" src=\"https:\/\/dlight-lichtideen.de\/wp-content\/uploads\/2013\/01\/Linie-gepunktet.png\" alt=\"\" width=\"1040\" height=\"30\" \/><\/div>\n<div id=\"mypicdiv\"><img loading=\"lazy\" class=\"alignnone size-full wp-image-297\" title=\"2\" src=\"https:\/\/dlight-lichtideen.de\/wp-content\/uploads\/2013\/07\/Nimbuss-Roxxane_3-Stehleuchte1.jpg\" alt=\"\" width=\"700\" height=\"400\" \/><\/div>\n<div class=\"clearmydiv\" style=\"clear:both;\"><\/div>\n<p>Nimbus Roxxane Home Leseleuchte &#8211; 7,5 Watt &#8211; <a href=\"https:\/\/dlight-lichtideen.de\/wp-content\/uploads\/2013\/07\/roxxane-home-leseleuchte-010-139-010-140_008-922_db.pdf\">Datenblatt<\/a><\/p>\n<div style=\"text-align: right;\"><a href=\"https:\/\/dlight-lichtideen.de\/?page_id=27\">zur\u00fcck<\/a><\/div>\n","protected":false},"excerpt":{"rendered":"<p>Nimbus Roxxane Nimbus Roxxane Office Edition in Neonrot. Arbeitsplatzleuchte Roxxane von Nimbus ist ab sofort in expressivem Neonrot bei dlight lichtideen erh\u00e4ltlich. Wie auch ihre Schwestern in schwarz, wei\u00df oder silbern verf\u00fcgt die Roxxane Office NEON EDITION \u00fcber alle Details der Roxxane-Serie wie z. B. die Friktionsgelenke zur leichtg\u00e4ngigen Ausrichtung &#8230;<\/p>\n","protected":false},"author":1,"featured_media":0,"parent":0,"menu_order":0,"comment_status":"closed","ping_status":"closed","template":"","meta":[],"_links":{"self":[{"href":"https:\/\/dlight-lichtideen.de\/index.php?rest_route=\/wp\/v2\/pages\/679"}],"collection":[{"href":"https:\/\/dlight-lichtideen.de\/index.php?rest_route=\/wp\/v2\/pages"}],"about":[{"href":"https:\/\/dlight-lichtideen.de\/index.php?rest_route=\/wp\/v2\/types\/page"}],"author":[{"embeddable":true,"href":"https:\/\/dlight-lichtideen.de\/index.php?rest_route=\/wp\/v2\/users\/1"}],"replies":[{"embeddable":true,"href":"https:\/\/dlight-lichtideen.de\/index.php?rest_route=%2Fwp%2Fv2%2Fcomments&post=679"}],"version-history":[{"count":12,"href":"https:\/\/dlight-lichtideen.de\/index.php?rest_route=\/wp\/v2\/pages\/679\/revisions"}],"predecessor-version":[{"id":715,"href":"https:\/\/dlight-lichtideen.de\/index.php?rest_route=\/wp\/v2\/pages\/679\/revisions\/715"}],"wp:attachment":[{"href":"https:\/\/dlight-lichtideen.de\/index.php?rest_route=%2Fwp%2Fv2%2Fmedia&parent=679"}],"curies":[{"name":"wp","href":"https:\/\/api.w.org\/{rel}","templated":true}]}}